{"id":7,"date":"2021-07-10T04:33:02","date_gmt":"2021-07-10T04:33:02","guid":{"rendered":"https:\/\/destravesuacomunicacao.com\/aula-gratuita\/?page_id=7"},"modified":"2022-07-18T14:55:09","modified_gmt":"2022-07-18T17:55:09","slug":"pagina-de-captura","status":"publish","type":"page","link":"https:\/\/destravesuacomunicacao.com\/aula-gratuita\/","title":{"rendered":"pagina de captura"},"content":{"rendered":"\t\t<div data-elementor-type=\"wp-page\" data-elementor-id=\"7\" class=\"elementor elementor-7\" data-elementor-settings=\"[]\">\n\t\t\t\t\t\t\t<div class=\"elementor-section-wrap\">\n\t\t\t\t\t\t\t<section class=\"has_eae_slider elementor-section elementor-top-section elementor-element elementor-element-fdd1191 elementor-section-height-min-height elementor-section-boxed elementor-section-height-default elementor-section-items-middle\" data-id=\"fdd1191\" data-element_type=\"section\" data-settings=\"{&quot;background_background&quot;:&quot;classic&quot;}\">\n\t\t\t\t\t\t<div class=\"elementor-container elementor-column-gap-default\">\n\t\t\t\t\t<div class=\"has_eae_slider elementor-column elementor-col-50 elementor-top-column elementor-element elementor-element-8630ea6\" data-id=\"8630ea6\" data-element_type=\"column\">\n\t\t\t<div class=\"elementor-widget-wrap elementor-element-populated\">\n\t\t\t\t\t\t\t\t<div class=\"elementor-element elementor-element-fc76541 elementor-widget elementor-widget-heading\" data-id=\"fc76541\" data-element_type=\"widget\" data-widget_type=\"heading.default\">\n\t\t\t\t<div class=\"elementor-widget-container\">\n\t\t\t<h2 class=\"elementor-heading-title elementor-size-default\">5 passos para come\u00e7ar a <span style=\"color:#;background-color:#ff5064;padding: 0.5px 8px\"> gravar stories<\/span> hoje mesmo<\/h2>\t\t<\/div>\n\t\t\t\t<\/div>\n\t\t\t\t<div class=\"elementor-element elementor-element-0afd14a elementor-widget elementor-widget-text-editor\" data-id=\"0afd14a\" data-element_type=\"widget\" data-widget_type=\"text-editor.default\">\n\t\t\t\t<div class=\"elementor-widget-container\">\n\t\t\t\t\t\t\t<p>Perca a vergonha de aparecer nos stories colocando em pr\u00e1tica t\u00e9cnicas infal\u00edveis para alavancar seu neg\u00f3cio no digital<\/p>\t\t\t\t\t\t<\/div>\n\t\t\t\t<\/div>\n\t\t\t\t<div class=\"elementor-element elementor-element-2336f6f elementor-align-left elementor-mobile-align-center elementor-widget elementor-widget-button\" data-id=\"2336f6f\" data-element_type=\"widget\" data-widget_type=\"button.default\">\n\t\t\t\t<div class=\"elementor-widget-container\">\n\t\t\t\t\t<div class=\"elementor-button-wrapper\">\n\t\t\t<a href=\"#elementor-action%3Aaction%3Dpopup%3Aopen%26settings%3DeyJpZCI6IjM0MyIsInRvZ2dsZSI6ZmFsc2V9\" class=\"elementor-button-link elementor-button elementor-size-xl\" role=\"button\" id=\"bt-querominhaaula\">\n\t\t\t\t\t\t<span class=\"elementor-button-content-wrapper\">\n\t\t\t\t\t\t<span class=\"elementor-button-text\">Quero Minha Aula<\/span>\n\t\t<\/span>\n\t\t\t\t\t<\/a>\n\t\t<\/div>\n\t\t\t\t<\/div>\n\t\t\t\t<\/div>\n\t\t\t\t<div class=\"elementor-element elementor-element-a70c77e elementor-widget elementor-widget-text-editor\" data-id=\"a70c77e\" data-element_type=\"widget\" data-widget_type=\"text-editor.default\">\n\t\t\t\t<div class=\"elementor-widget-container\">\n\t\t\t\t\t\t\t<p><span style=\"font-weight: 400;\">Aproveite! \u00c9 de gra\u00e7a por tempo limitado.<\/span><\/p>\t\t\t\t\t\t<\/div>\n\t\t\t\t<\/div>\n\t\t\t\t\t<\/div>\n\t\t<\/div>\n\t\t\t\t<div class=\"has_eae_slider elementor-column elementor-col-50 elementor-top-column elementor-element elementor-element-0957a14\" data-id=\"0957a14\" data-element_type=\"column\">\n\t\t\t<div class=\"elementor-widget-wrap\">\n\t\t\t\t\t\t\t\t\t<\/div>\n\t\t<\/div>\n\t\t\t\t\t\t\t<\/div>\n\t\t<\/section>\n\t\t\t\t<section class=\"has_eae_slider elementor-section elementor-top-section elementor-element elementor-element-fd50170 elementor-section-height-min-height elementor-section-content-middle elementor-section-boxed elementor-section-height-default elementor-section-items-middle\" data-id=\"fd50170\" data-element_type=\"section\" data-settings=\"{&quot;background_background&quot;:&quot;classic&quot;}\">\n\t\t\t\t\t\t<div class=\"elementor-container elementor-column-gap-default\">\n\t\t\t\t\t<div class=\"has_eae_slider elementor-column elementor-col-100 elementor-top-column elementor-element elementor-element-ef78e12\" data-id=\"ef78e12\" data-element_type=\"column\">\n\t\t\t<div class=\"elementor-widget-wrap elementor-element-populated\">\n\t\t\t\t\t\t\t\t<div class=\"elementor-element elementor-element-197755d elementor-widget elementor-widget-heading\" data-id=\"197755d\" data-element_type=\"widget\" data-widget_type=\"heading.default\">\n\t\t\t\t<div class=\"elementor-widget-container\">\n\t\t\t<h2 class=\"elementor-heading-title elementor-size-default\">Gravar stories hoje n\u00e3o \u00e9 mais  uma op\u00e7\u00e3o e as pessoas que mais lucram com o digital sabem disso!<\/h2>\t\t<\/div>\n\t\t\t\t<\/div>\n\t\t\t\t<div class=\"elementor-element elementor-element-7992c8c elementor-widget elementor-widget-text-editor\" data-id=\"7992c8c\" data-element_type=\"widget\" data-widget_type=\"text-editor.default\">\n\t\t\t\t<div class=\"elementor-widget-container\">\n\t\t\t\t\t\t\t<p>\u00a0O mundo inteiro est\u00e1 fazendo neg\u00f3cios online e quem n\u00e3o grava v\u00eddeos na internet est\u00e1 perdendo muito dinheiro e oportunidade.<\/p><p>Aproveite as milhares de oportunidades que o digital pode te proporcionar criando ainda mais conex\u00e3o e atraindo mais clientes atrav\u00e9s da sua comunica\u00e7\u00e3o em v\u00eddeos.<\/p><h1><span style=\"color: #ffffff;\">Chega de deixar o medo ou a vergonha te dominar!<\/span><\/h1>\t\t\t\t\t\t<\/div>\n\t\t\t\t<\/div>\n\t\t\t\t<div class=\"elementor-element elementor-element-9c2ff93 elementor-widget elementor-widget-heading\" data-id=\"9c2ff93\" data-element_type=\"widget\" data-widget_type=\"heading.default\">\n\t\t\t\t<div class=\"elementor-widget-container\">\n\t\t\t<h2 class=\"elementor-heading-title elementor-size-default\">\u201cVen\u00e7a o Medo de Gravar Stories\u201d<\/h2>\t\t<\/div>\n\t\t\t\t<\/div>\n\t\t\t\t<div class=\"elementor-element elementor-element-1d88e19 elementor-widget elementor-widget-text-editor\" data-id=\"1d88e19\" data-element_type=\"widget\" data-widget_type=\"text-editor.default\">\n\t\t\t\t<div class=\"elementor-widget-container\">\n\t\t\t\t\t\t\t<p>Aplique estas estrat\u00e9gias no seu dia a dia e ven\u00e7a a barreira de aparecer nos stories, mesmo que voc\u00ea nunca tenha gravado um v\u00eddeo na internet ou n\u00e3o tenha pr\u00e1tica alguma.<\/p>\t\t\t\t\t\t<\/div>\n\t\t\t\t<\/div>\n\t\t\t\t\t<\/div>\n\t\t<\/div>\n\t\t\t\t\t\t\t<\/div>\n\t\t<\/section>\n\t\t\t\t<section class=\"has_eae_slider elementor-section elementor-top-section elementor-element elementor-element-0c270b0 elementor-section-height-min-height elementor-section-boxed elementor-section-height-default elementor-section-items-middle\" data-id=\"0c270b0\" data-element_type=\"section\" data-settings=\"{&quot;background_background&quot;:&quot;gradient&quot;}\">\n\t\t\t\t\t\t<div class=\"elementor-container elementor-column-gap-default\">\n\t\t\t\t\t<div class=\"has_eae_slider elementor-column elementor-col-100 elementor-top-column elementor-element elementor-element-c99d683\" data-id=\"c99d683\" data-element_type=\"column\">\n\t\t\t<div class=\"elementor-widget-wrap elementor-element-populated\">\n\t\t\t\t\t\t\t\t<div class=\"elementor-element elementor-element-ff0cce7 elementor-widget elementor-widget-heading\" data-id=\"ff0cce7\" data-element_type=\"widget\" data-widget_type=\"heading.default\">\n\t\t\t\t<div class=\"elementor-widget-container\">\n\t\t\t<h2 class=\"elementor-heading-title elementor-size-default\">O que voc\u00ea vai encontrar nesta aula:<\/h2>\t\t<\/div>\n\t\t\t\t<\/div>\n\t\t\t\t\t<\/div>\n\t\t<\/div>\n\t\t\t\t\t\t\t<\/div>\n\t\t<\/section>\n\t\t\t\t<section class=\"has_eae_slider elementor-section elementor-top-section elementor-element elementor-element-a6f7b90 elementor-section-boxed elementor-section-height-default elementor-section-height-default\" data-id=\"a6f7b90\" data-element_type=\"section\" data-settings=\"{&quot;background_background&quot;:&quot;gradient&quot;}\">\n\t\t\t\t\t\t<div class=\"elementor-container elementor-column-gap-default\">\n\t\t\t\t\t<div class=\"has_eae_slider elementor-column elementor-col-50 elementor-top-column elementor-element elementor-element-36b7575\" data-id=\"36b7575\" data-element_type=\"column\" data-settings=\"{&quot;background_background&quot;:&quot;gradient&quot;}\">\n\t\t\t<div class=\"elementor-widget-wrap elementor-element-populated\">\n\t\t\t\t\t\t\t\t<div class=\"elementor-element elementor-element-365dd44 elementor-widget elementor-widget-image\" data-id=\"365dd44\" data-element_type=\"widget\" data-widget_type=\"image.default\">\n\t\t\t\t<div class=\"elementor-widget-container\">\n\t\t\t\t\t\t\t\t\t\t\t\t\t\t\t<img decoding=\"async\" width=\"383\" height=\"312\" src=\"https:\/\/destravesuacomunicacao.com\/aula-gratuita\/wp-content\/uploads\/2021\/07\/aula-ipad-2.png\" class=\"attachment-large size-large\" alt=\"\" srcset=\"https:\/\/destravesuacomunicacao.com\/aula-gratuita\/wp-content\/uploads\/2021\/07\/aula-ipad-2.png 383w, https:\/\/destravesuacomunicacao.com\/aula-gratuita\/wp-content\/uploads\/2021\/07\/aula-ipad-2-300x244.png 300w\" sizes=\"(max-width: 383px) 100vw, 383px\" \/>\t\t\t\t\t\t\t\t\t\t\t\t\t\t\t<\/div>\n\t\t\t\t<\/div>\n\t\t\t\t\t<\/div>\n\t\t<\/div>\n\t\t\t\t<div class=\"has_eae_slider elementor-column elementor-col-50 elementor-top-column elementor-element elementor-element-26924d6\" data-id=\"26924d6\" data-element_type=\"column\" data-settings=\"{&quot;background_background&quot;:&quot;gradient&quot;}\">\n\t\t\t<div class=\"elementor-widget-wrap elementor-element-populated\">\n\t\t\t\t\t\t\t\t<div class=\"elementor-element elementor-element-2b04547 elementor-widget elementor-widget-heading\" data-id=\"2b04547\" data-element_type=\"widget\" data-widget_type=\"heading.default\">\n\t\t\t\t<div class=\"elementor-widget-container\">\n\t\t\t<h2 class=\"elementor-heading-title elementor-size-default\">Aula exclusiva  com os 5 passos para gravar stories<\/h2>\t\t<\/div>\n\t\t\t\t<\/div>\n\t\t\t\t<div class=\"elementor-element elementor-element-12c8e01 elementor-widget elementor-widget-text-editor\" data-id=\"12c8e01\" data-element_type=\"widget\" data-widget_type=\"text-editor.default\">\n\t\t\t\t<div class=\"elementor-widget-container\">\n\t\t\t\t\t\t\t<ul><li>Entendendo as regras do jogo<\/li><li>Desvendando os segredos para gravar v\u00eddeos no Instagram<\/li><li>As estrat\u00e9gias que poucos dominam sobre como gravar v\u00eddeos incr\u00edveis com o celular<\/li><\/ul>\t\t\t\t\t\t<\/div>\n\t\t\t\t<\/div>\n\t\t\t\t\t<\/div>\n\t\t<\/div>\n\t\t\t\t\t\t\t<\/div>\n\t\t<\/section>\n\t\t\t\t<section class=\"has_eae_slider elementor-section elementor-top-section elementor-element elementor-element-227519b elementor-section-boxed elementor-section-height-default elementor-section-height-default\" data-id=\"227519b\" data-element_type=\"section\" data-settings=\"{&quot;background_background&quot;:&quot;gradient&quot;}\">\n\t\t\t\t\t\t<div class=\"elementor-container elementor-column-gap-default\">\n\t\t\t\t\t<div class=\"has_eae_slider elementor-column elementor-col-100 elementor-top-column elementor-element elementor-element-7824af7\" data-id=\"7824af7\" data-element_type=\"column\">\n\t\t\t<div class=\"elementor-widget-wrap\">\n\t\t\t\t\t\t\t\t\t<\/div>\n\t\t<\/div>\n\t\t\t\t\t\t\t<\/div>\n\t\t<\/section>\n\t\t\t\t<section class=\"has_eae_slider elementor-section elementor-top-section elementor-element elementor-element-09c447e elementor-section-boxed elementor-section-height-default elementor-section-height-default\" data-id=\"09c447e\" data-element_type=\"section\" data-settings=\"{&quot;background_background&quot;:&quot;gradient&quot;}\">\n\t\t\t\t\t\t<div class=\"elementor-container elementor-column-gap-default\">\n\t\t\t\t\t<div class=\"has_eae_slider elementor-column elementor-col-50 elementor-top-column elementor-element elementor-element-b557daa\" data-id=\"b557daa\" data-element_type=\"column\" data-settings=\"{&quot;background_background&quot;:&quot;gradient&quot;}\">\n\t\t\t<div class=\"elementor-widget-wrap elementor-element-populated\">\n\t\t\t\t\t\t\t\t<div class=\"elementor-element elementor-element-23395e2 elementor-widget elementor-widget-heading\" data-id=\"23395e2\" data-element_type=\"widget\" data-widget_type=\"heading.default\">\n\t\t\t\t<div class=\"elementor-widget-container\">\n\t\t\t<h2 class=\"elementor-heading-title elementor-size-default\">eBook digital em PDF com exerc\u00edcios<\/h2>\t\t<\/div>\n\t\t\t\t<\/div>\n\t\t\t\t<div class=\"elementor-element elementor-element-a36b1b0 elementor-widget elementor-widget-text-editor\" data-id=\"a36b1b0\" data-element_type=\"widget\" data-widget_type=\"text-editor.default\">\n\t\t\t\t<div class=\"elementor-widget-container\">\n\t\t\t\t\t\t\t<ul><li>Material completo com resumo da aula<\/li><li>Exerc\u00edcios pr\u00e1ticos para voc\u00ea treinar e se aprimorar<\/li><\/ul>\t\t\t\t\t\t<\/div>\n\t\t\t\t<\/div>\n\t\t\t\t\t<\/div>\n\t\t<\/div>\n\t\t\t\t<div class=\"has_eae_slider elementor-column elementor-col-50 elementor-top-column elementor-element elementor-element-045e482\" data-id=\"045e482\" data-element_type=\"column\" data-settings=\"{&quot;background_background&quot;:&quot;gradient&quot;}\">\n\t\t\t<div class=\"elementor-widget-wrap elementor-element-populated\">\n\t\t\t\t\t\t\t\t<div class=\"elementor-element elementor-element-314b03a elementor-widget elementor-widget-image\" data-id=\"314b03a\" data-element_type=\"widget\" data-widget_type=\"image.default\">\n\t\t\t\t<div class=\"elementor-widget-container\">\n\t\t\t\t\t\t\t\t\t\t\t\t\t\t\t<img decoding=\"async\" width=\"257\" height=\"334\" src=\"https:\/\/destravesuacomunicacao.com\/aula-gratuita\/wp-content\/uploads\/2021\/07\/book-1.png\" class=\"attachment-large size-large\" alt=\"\" srcset=\"https:\/\/destravesuacomunicacao.com\/aula-gratuita\/wp-content\/uploads\/2021\/07\/book-1.png 257w, https:\/\/destravesuacomunicacao.com\/aula-gratuita\/wp-content\/uploads\/2021\/07\/book-1-231x300.png 231w\" sizes=\"(max-width: 257px) 100vw, 257px\" \/>\t\t\t\t\t\t\t\t\t\t\t\t\t\t\t<\/div>\n\t\t\t\t<\/div>\n\t\t\t\t\t<\/div>\n\t\t<\/div>\n\t\t\t\t\t\t\t<\/div>\n\t\t<\/section>\n\t\t\t\t<section class=\"has_eae_slider elementor-section elementor-top-section elementor-element elementor-element-fa25619 elementor-section-boxed elementor-section-height-default elementor-section-height-default\" data-id=\"fa25619\" data-element_type=\"section\" data-settings=\"{&quot;background_background&quot;:&quot;gradient&quot;}\">\n\t\t\t\t\t\t<div class=\"elementor-container elementor-column-gap-default\">\n\t\t\t\t\t<div class=\"has_eae_slider elementor-column elementor-col-100 elementor-top-column elementor-element elementor-element-f09783e\" data-id=\"f09783e\" data-element_type=\"column\">\n\t\t\t<div class=\"elementor-widget-wrap elementor-element-populated\">\n\t\t\t\t\t\t\t\t<div class=\"elementor-element elementor-element-9ddc627 elementor-align-center elementor-widget elementor-widget-button\" data-id=\"9ddc627\" data-element_type=\"widget\" data-widget_type=\"button.default\">\n\t\t\t\t<div class=\"elementor-widget-container\">\n\t\t\t\t\t<div class=\"elementor-button-wrapper\">\n\t\t\t<a href=\"#elementor-action%3Aaction%3Dpopup%3Aopen%26settings%3DeyJpZCI6IjM0MyIsInRvZ2dsZSI6ZmFsc2V9\" class=\"elementor-button-link elementor-button elementor-size-xl\" role=\"button\" id=\"bt-querominhaaula\">\n\t\t\t\t\t\t<span class=\"elementor-button-content-wrapper\">\n\t\t\t\t\t\t<span class=\"elementor-button-text\">Quero Minha Aula<\/span>\n\t\t<\/span>\n\t\t\t\t\t<\/a>\n\t\t<\/div>\n\t\t\t\t<\/div>\n\t\t\t\t<\/div>\n\t\t\t\t\t<\/div>\n\t\t<\/div>\n\t\t\t\t\t\t\t<\/div>\n\t\t<\/section>\n\t\t\t\t<section class=\"has_eae_slider elementor-section elementor-top-section elementor-element elementor-element-e460492 elementor-section-boxed elementor-section-height-default elementor-section-height-default\" data-id=\"e460492\" data-element_type=\"section\" data-settings=\"{&quot;background_background&quot;:&quot;gradient&quot;}\">\n\t\t\t\t\t\t<div class=\"elementor-container elementor-column-gap-default\">\n\t\t\t\t\t<div class=\"has_eae_slider elementor-column elementor-col-50 elementor-top-column elementor-element elementor-element-79d60e0\" data-id=\"79d60e0\" data-element_type=\"column\">\n\t\t\t<div class=\"elementor-widget-wrap elementor-element-populated\">\n\t\t\t\t\t\t\t\t<div class=\"elementor-element elementor-element-26b4e2b elementor-widget elementor-widget-image\" data-id=\"26b4e2b\" data-element_type=\"widget\" data-widget_type=\"image.default\">\n\t\t\t\t<div class=\"elementor-widget-container\">\n\t\t\t\t\t\t\t\t\t\t\t\t\t\t\t<img decoding=\"async\" width=\"603\" height=\"1024\" src=\"https:\/\/destravesuacomunicacao.com\/aula-gratuita\/wp-content\/uploads\/2021\/07\/Carol-603x1024.jpg\" class=\"attachment-large size-large\" alt=\"\" srcset=\"https:\/\/destravesuacomunicacao.com\/aula-gratuita\/wp-content\/uploads\/2021\/07\/Carol-603x1024.jpg 603w, https:\/\/destravesuacomunicacao.com\/aula-gratuita\/wp-content\/uploads\/2021\/07\/Carol-177x300.jpg 177w, https:\/\/destravesuacomunicacao.com\/aula-gratuita\/wp-content\/uploads\/2021\/07\/Carol.jpg 645w\" sizes=\"(max-width: 603px) 100vw, 603px\" \/>\t\t\t\t\t\t\t\t\t\t\t\t\t\t\t<\/div>\n\t\t\t\t<\/div>\n\t\t\t\t\t<\/div>\n\t\t<\/div>\n\t\t\t\t<div class=\"has_eae_slider elementor-column elementor-col-50 elementor-top-column elementor-element elementor-element-b819204\" data-id=\"b819204\" data-element_type=\"column\">\n\t\t\t<div class=\"elementor-widget-wrap elementor-element-populated\">\n\t\t\t\t\t\t\t\t<div class=\"elementor-element elementor-element-3c31797 elementor-widget elementor-widget-heading\" data-id=\"3c31797\" data-element_type=\"widget\" data-widget_type=\"heading.default\">\n\t\t\t\t<div class=\"elementor-widget-container\">\n\t\t\t<h2 class=\"elementor-heading-title elementor-size-default\">SOBRE<\/h2>\t\t<\/div>\n\t\t\t\t<\/div>\n\t\t\t\t<div class=\"elementor-element elementor-element-876d670 elementor-widget elementor-widget-heading\" data-id=\"876d670\" data-element_type=\"widget\" data-widget_type=\"heading.default\">\n\t\t\t\t<div class=\"elementor-widget-container\">\n\t\t\t<h2 class=\"elementor-heading-title elementor-size-default\">CAROL MORGANA<\/h2>\t\t<\/div>\n\t\t\t\t<\/div>\n\t\t\t\t<div class=\"elementor-element elementor-element-02dd518 elementor-widget elementor-widget-text-editor\" data-id=\"02dd518\" data-element_type=\"widget\" data-widget_type=\"text-editor.default\">\n\t\t\t\t<div class=\"elementor-widget-container\">\n\t\t\t\t\t\t\t<h5><span style=\"color: #ffffff;\">Especialista em Comunica\u00e7\u00e3o com 10 anos de experi\u00eancia em v\u00eddeos para TV e para o online.<\/span><\/h5><p>De t\u00edmida a rep\u00f3rter, apresentadora e produtora de conte\u00fado no digital. Atuei por 5 anos em uma das principais emissoras abertas do pa\u00eds, mas foi no online que potencializei a minha identidade na comunica\u00e7\u00e3o. Com p\u00f3s-gradua\u00e7\u00e3o na \u00e1rea e cursos complementares, agreguei ao meu m\u00e9todo estrat\u00e9gias que associam a linguagem verbal e n\u00e3o verbal que s\u00e3o respons\u00e1veis por um posicionamento de impacto.<\/p>\t\t\t\t\t\t<\/div>\n\t\t\t\t<\/div>\n\t\t\t\t\t<\/div>\n\t\t<\/div>\n\t\t\t\t\t\t\t<\/div>\n\t\t<\/section>\n\t\t\t\t<section class=\"has_eae_slider elementor-section elementor-top-section elementor-element elementor-element-684c075 elementor-section-boxed elementor-section-height-default elementor-section-height-default\" data-id=\"684c075\" data-element_type=\"section\" data-settings=\"{&quot;background_background&quot;:&quot;gradient&quot;}\">\n\t\t\t\t\t\t<div class=\"elementor-container elementor-column-gap-default\">\n\t\t\t\t\t<div class=\"has_eae_slider elementor-column elementor-col-100 elementor-top-column elementor-element elementor-element-15bca58\" data-id=\"15bca58\" data-element_type=\"column\">\n\t\t\t<div class=\"elementor-widget-wrap elementor-element-populated\">\n\t\t\t\t\t\t\t\t<div class=\"elementor-element elementor-element-d4daec6 elementor-widget elementor-widget-heading\" data-id=\"d4daec6\" data-element_type=\"widget\" data-widget_type=\"heading.default\">\n\t\t\t\t<div class=\"elementor-widget-container\">\n\t\t\t<h2 class=\"elementor-heading-title elementor-size-default\">GARANTA SUA AULA GRATUITA!<\/h2>\t\t<\/div>\n\t\t\t\t<\/div>\n\t\t\t\t<div class=\"elementor-element elementor-element-5216230 elementor-widget elementor-widget-text-editor\" data-id=\"5216230\" data-element_type=\"widget\" data-widget_type=\"text-editor.default\">\n\t\t\t\t<div class=\"elementor-widget-container\">\n\t\t\t\t\t\t\t<p style=\"text-align: center;\">Quando voc\u00ea se liberta da inseguran\u00e7a e utiliza as estrat\u00e9gias corretas, gravar Stories no Instagram deixa de ser um bicho de sete cabe\u00e7as e voc\u00ea passa a utilizar isso para alavancar ainda mais os seus resultados!<\/p>\t\t\t\t\t\t<\/div>\n\t\t\t\t<\/div>\n\t\t\t\t<div class=\"elementor-element elementor-element-802c1e0 elementor-align-center elementor-widget elementor-widget-button\" data-id=\"802c1e0\" data-element_type=\"widget\" data-widget_type=\"button.default\">\n\t\t\t\t<div class=\"elementor-widget-container\">\n\t\t\t\t\t<div class=\"elementor-button-wrapper\">\n\t\t\t<a href=\"#elementor-action%3Aaction%3Dpopup%3Aopen%26settings%3DeyJpZCI6IjM0MyIsInRvZ2dsZSI6ZmFsc2V9\" class=\"elementor-button-link elementor-button elementor-size-xl\" role=\"button\">\n\t\t\t\t\t\t<span class=\"elementor-button-content-wrapper\">\n\t\t\t\t\t\t<span class=\"elementor-button-text\">Quero Minha Aula<\/span>\n\t\t<\/span>\n\t\t\t\t\t<\/a>\n\t\t<\/div>\n\t\t\t\t<\/div>\n\t\t\t\t<\/div>\n\t\t\t\t\t<\/div>\n\t\t<\/div>\n\t\t\t\t\t\t\t<\/div>\n\t\t<\/section>\n\t\t\t\t<section class=\"has_eae_slider elementor-section elementor-top-section elementor-element elementor-element-3037a29 elementor-section-boxed elementor-section-height-default elementor-section-height-default\" data-id=\"3037a29\" data-element_type=\"section\" data-settings=\"{&quot;background_background&quot;:&quot;gradient&quot;}\">\n\t\t\t\t\t\t<div class=\"elementor-container elementor-column-gap-default\">\n\t\t\t\t\t<div class=\"has_eae_slider elementor-column elementor-col-100 elementor-top-column elementor-element elementor-element-d529c3e\" data-id=\"d529c3e\" data-element_type=\"column\">\n\t\t\t<div class=\"elementor-widget-wrap elementor-element-populated\">\n\t\t\t\t\t\t\t\t<div class=\"elementor-element elementor-element-e3bdbe4 elementor-widget elementor-widget-text-editor\" data-id=\"e3bdbe4\" data-element_type=\"widget\" data-widget_type=\"text-editor.default\">\n\t\t\t\t<div class=\"elementor-widget-container\">\n\t\t\t\t\t\t\t<p><strong>Aviso:<\/strong> Qualquer informa\u00e7\u00e3o presente no site &#8220;Carol Morgana&#8221; e de seus produtos, n\u00e3o devem ser considerados como um ganho comum, ganho exato ou promessa de sucesso. As dicas e sugest\u00f5es do \u201cVen\u00e7a o Medo de Gravas Stories\u201d n\u00e3o garantem resultados, uma vez que isso depende exclusivamente do trabalho e dedica\u00e7\u00e3o individual de cada um. Todas as informa\u00e7\u00f5es dos visitantes, como nome e e-mail, s\u00e3o protegidas, e n\u00e3o ser\u00e3o compartilhadas, divulgadas, ou vendidas para terceiros. Ao se registrar neste site, o usu\u00e1rio cadastrado receber\u00e1 outras promo\u00e7\u00f5es de cursos sobre Comunica\u00e7\u00e3o e Posicionamento Pessoal.<\/p><p style=\"text-align: center;\"><strong><span style=\"color: #ffffff;\">Todos os direitos reservados:\u00a0 \u00a0CAROL MORGANA\u00a0 \u00a0CNPJ 32.622.220\/0001-43<\/span><\/strong><\/p>\t\t\t\t\t\t<\/div>\n\t\t\t\t<\/div>\n\t\t\t\t\t<\/div>\n\t\t<\/div>\n\t\t\t\t\t\t\t<\/div>\n\t\t<\/section>\n\t\t\t\t\t\t<\/div>\n\t\t\t\t\t<\/div>\n\t\t","protected":false},"excerpt":{"rendered":"<p>5 passos para come\u00e7ar a gravar stories hoje mesmo Perca a vergonha de aparecer nos stories colocando em pr\u00e1tica t\u00e9cnicas infal\u00edveis para alavancar seu neg\u00f3cio no digital Quero Minha Aula Aproveite! \u00c9 de gra\u00e7a por tempo limitado. Gravar stories hoje n\u00e3o \u00e9 mais uma op\u00e7\u00e3o e as pessoas que mais lucram com o digital sabem [&hellip;]<\/p>\n","protected":false},"author":1,"featured_media":0,"parent":0,"menu_order":0,"comment_status":"closed","ping_status":"closed","template":"elementor_canvas","meta":{"footnotes":""},"class_list":["post-7","page","type-page","status-publish","hentry"],"_links":{"self":[{"href":"https:\/\/destravesuacomunicacao.com\/aula-gratuita\/wp-json\/wp\/v2\/pages\/7","targetHints":{"allow":["GET"]}}],"collection":[{"href":"https:\/\/destravesuacomunicacao.com\/aula-gratuita\/wp-json\/wp\/v2\/pages"}],"about":[{"href":"https:\/\/destravesuacomunicacao.com\/aula-gratuita\/wp-json\/wp\/v2\/types\/page"}],"author":[{"embeddable":true,"href":"https:\/\/destravesuacomunicacao.com\/aula-gratuita\/wp-json\/wp\/v2\/users\/1"}],"replies":[{"embeddable":true,"href":"https:\/\/destravesuacomunicacao.com\/aula-gratuita\/wp-json\/wp\/v2\/comments?post=7"}],"version-history":[{"count":172,"href":"https:\/\/destravesuacomunicacao.com\/aula-gratuita\/wp-json\/wp\/v2\/pages\/7\/revisions"}],"predecessor-version":[{"id":1164,"href":"https:\/\/destravesuacomunicacao.com\/aula-gratuita\/wp-json\/wp\/v2\/pages\/7\/revisions\/1164"}],"wp:attachment":[{"href":"https:\/\/destravesuacomunicacao.com\/aula-gratuita\/wp-json\/wp\/v2\/media?parent=7"}],"curies":[{"name":"wp","href":"https:\/\/api.w.org\/{rel}","templated":true}]}}